{"id":15,"date":"2024-02-26T06:23:35","date_gmt":"2024-02-26T09:23:35","guid":{"rendered":"https:\/\/ofaixapreta.com.br\/?page_id=15"},"modified":"2025-02-21T08:35:54","modified_gmt":"2025-02-21T11:35:54","slug":"reembolso_devolucoes","status":"publish","type":"page","link":"https:\/\/ofaixapreta.com.br\/index.php\/reembolso_devolucoes\/","title":{"rendered":"Pol\u00edtica de reembolso e devolu\u00e7\u00f5es"},"content":{"rendered":"\t\t<div data-elementor-type=\"wp-page\" data-elementor-id=\"15\" class=\"elementor elementor-15\" data-elementor-post-type=\"page\">\n\t\t\t\t<div class=\"elementor-element elementor-element-5d82ae3 e-flex e-con-boxed e-con e-parent\" data-id=\"5d82ae3\" data-element_type=\"container\" data-e-type=\"container\">\n\t\t\t\t\t<div class=\"e-con-inner\">\n\t\t\t\t<div class=\"elementor-element elementor-element-b370fa7 elementor-widget elementor-widget-heading\" data-id=\"b370fa7\" data-element_type=\"widget\" data-e-type=\"widget\" data-widget_type=\"heading.default\">\n\t\t\t\t<div class=\"elementor-widget-container\">\n\t\t\t\t\t<h2 class=\"elementor-heading-title elementor-size-default\"><b><u>POL\u00cdTICA DE REEMBOLSO E DEVOLU\u00c7\u00c3O<\/u><\/b><\/h2>\t\t\t\t<\/div>\n\t\t\t\t<\/div>\n\t\t\t\t\t<\/div>\n\t\t\t\t<\/div>\n\t\t<div class=\"elementor-element elementor-element-1cec0982 e-flex e-con-boxed e-con e-parent\" data-id=\"1cec0982\" data-element_type=\"container\" data-e-type=\"container\">\n\t\t\t\t\t<div class=\"e-con-inner\">\n\t\t\t\t<div class=\"elementor-element elementor-element-b45d3ec elementor-widget elementor-widget-text-editor\" data-id=\"b45d3ec\" data-element_type=\"widget\" data-e-type=\"widget\" data-widget_type=\"text-editor.default\">\n\t\t\t\t<div class=\"elementor-widget-container\">\n\t\t\t\t\t\t\t\t\t<p><b><span style=\"vertical-align: inherit;\"><span style=\"vertical-align: inherit;\">Priorizamos sua satisfa\u00e7\u00e3o. Estamos 100% de acordo com o PROCON, abaixo voc\u00ea pode acessar o C\u00f3digo de Defesa do Consumidor.<\/span><\/span><\/b><\/p>\n<p><span style=\"font-style: inherit; font-weight: inherit; text-align: var(--text-align); background-color: var(--ast-global-color-5); vertical-align: inherit;\"><span style=\"vertical-align: inherit;\">VIS\u00c3O GERAL:&nbsp;<\/span><\/span><span style=\"font-style: inherit; font-weight: inherit; text-align: var(--text-align); background-color: var(--ast-global-color-5);\">Nossa pol\u00edtica de reembolso e devolu\u00e7\u00e3o dura 7 dias. Se 7 dias se passaram desde sua compra, n\u00e3o podemos oferecer um reembolso total ou troca.&nbsp;<\/span><span style=\"font-style: inherit; font-weight: inherit; text-align: var(--text-align); background-color: var(--ast-global-color-5);\">Para ser eleg\u00edvel para uma devolu\u00e7\u00e3o, seu item deve estar sem uso e nas mesmas condi\u00e7\u00f5es em que voc\u00ea o recebeu. Ele tamb\u00e9m deve estar na forma que foi adquirido originalmente.&nbsp;<\/span><span style=\"font-style: inherit; font-weight: inherit; text-align: var(--text-align); background-color: var(--ast-global-color-5);\">V\u00e1rios tipos de produtos est\u00e3o isentos de devolu\u00e7\u00e3o. Produtos perec\u00edveis, como alimentos, flores, jornais ou revistas, n\u00e3o podem ser devolvidos. Tamb\u00e9m n\u00e3o aceitamos produtos que sejam \u00edntimos ou sanit\u00e1rios, materiais perigosos ou l\u00edquidos ou gases inflam\u00e1veis.<\/span><\/p>\n<p><!-- \/wp:paragraph --><!-- wp:paragraph --><\/p>\n<p><span style=\"vertical-align: inherit;\"><span style=\"vertical-align: inherit;\">ITENS ADICIONAIS N\u00c3O RETORN\u00c1VEIS: *<\/span><\/span><span style=\"background-color: var(--ast-global-color-5); font-style: inherit; font-weight: inherit; text-align: var(--text-align);\">Cart\u00f5es de presente, *<\/span><span style=\"font-style: inherit; font-weight: inherit; text-align: var(--text-align); background-color: var(--ast-global-color-5);\">Produtos de software para download, *<\/span><span style=\"font-style: inherit; font-weight: inherit; text-align: var(--text-align); background-color: var(--ast-global-color-5);\">Alguns itens de sa\u00fade e cuidados pessoais.&nbsp;<\/span><span style=\"font-style: inherit; font-weight: inherit; text-align: var(--text-align); background-color: var(--ast-global-color-5); vertical-align: inherit;\"><span style=\"vertical-align: inherit;\">Para concluir sua devolu\u00e7\u00e3o, solicitamos um recibo ou comprovante de compra.&nbsp;<\/span><\/span><span style=\"font-style: inherit; font-weight: inherit; text-align: var(--text-align); background-color: var(--ast-global-color-5);\">N\u00e3o devolva sua compra ao fabricante.<\/span><\/p>\n<p><!-- \/wp:paragraph --><!-- wp:paragraph --><\/p>\n<p><span style=\"vertical-align: inherit;\"><span style=\"vertical-align: inherit;\">EXISTEM CERTAS SITUA\u00c7\u00d5ES EM QUE APENAS REEMBOLSOS PARCIAIS S\u00c3O CONCEDIDOS: *<\/span><\/span><span style=\"font-style: inherit; font-weight: inherit; text-align: var(--text-align); background-color: var(--ast-global-color-5);\">Livro com sinais evidentes de uso, *<\/span><span style=\"font-style: inherit; font-weight: inherit; text-align: var(--text-align); background-color: var(--ast-global-color-5);\">CD, DVD, fita VHS, software, videogame, fita cassete ou disco de vinil que foi aberto. *<\/span><span style=\"font-style: inherit; font-weight: inherit; text-align: var(--text-align); background-color: var(--ast-global-color-5);\">Qualquer item que n\u00e3o esteja em sua condi\u00e7\u00e3o original, esteja danificado ou com pe\u00e7as faltando por motivos n\u00e3o decorrentes de erro nosso. *<\/span><span style=\"font-style: inherit; font-weight: inherit; text-align: var(--text-align); background-color: var(--ast-global-color-5);\">Qualquer item devolvido mais de 7 dias ap\u00f3s a entrega.<\/span><\/p>\n<p><span style=\"background-color: var(--ast-global-color-5); font-style: inherit; font-weight: inherit; text-align: var(--text-align);\">REEMBOLSOS: Assim que sua devolu\u00e7\u00e3o for recebida e inspecionada, enviaremos um e-mail para notific\u00e1-lo de que recebemos seu item devolvido. Tamb\u00e9m o notificaremos sobre a aprova\u00e7\u00e3o ou rejei\u00e7\u00e3o do seu reembolso.&nbsp;<\/span><span style=\"font-style: inherit; font-weight: inherit; text-align: var(--text-align); background-color: var(--ast-global-color-5);\">Se voc\u00ea for aprovado, seu reembolso ser\u00e1 processado e um cr\u00e9dito ser\u00e1 aplicado automaticamente no seu cart\u00e3o de cr\u00e9dito ou m\u00e9todo de pagamento original, dentro de um determinado n\u00famero de dias.<\/span><\/p>\n<p><span style=\"background-color: var(--ast-global-color-5); font-style: inherit; font-weight: inherit; text-align: var(--text-align);\">REEMBOLSOS ATRASADOS OU AUSENTES: Se voc\u00ea ainda n\u00e3o recebeu um reembolso, primeiro verifique sua conta banc\u00e1ria novamente.&nbsp;<\/span><span style=\"font-style: inherit; font-weight: inherit; text-align: var(--text-align); background-color: var(--ast-global-color-5);\">Em seguida, entre em contato com sua administradora de cart\u00e3o de cr\u00e9dito. Pode levar algum tempo at\u00e9 que seu reembolso seja oficialmente lan\u00e7ado.&nbsp;<\/span><span style=\"font-style: inherit; font-weight: inherit; text-align: var(--text-align); background-color: var(--ast-global-color-5);\">Em seguida, entre em contato com seu banco. Geralmente, h\u00e1 algum tempo de processamento antes que um reembolso seja publicado.&nbsp;<\/span><span style=\"font-style: inherit; font-weight: inherit; text-align: var(--text-align); background-color: var(--ast-global-color-5);\">Se voc\u00ea fez tudo isso e ainda n\u00e3o recebeu seu reembolso, entre em contato conosco pelo e-mail contato@ofaixapreta.com.br.<\/span><\/p>\n<p><span style=\"background-color: var(--ast-global-color-5); font-style: inherit; font-weight: inherit; text-align: var(--text-align);\">ITENS DE VENDA: Somente itens com pre\u00e7o regular podem ser reembolsados. Itens em promo\u00e7\u00e3o n\u00e3o podem ser reembolsados.<\/span><\/p>\n<p><span style=\"background-color: var(--ast-global-color-5); font-style: inherit; font-weight: inherit; text-align: var(--text-align);\">TROCAS: N\u00f3s apenas substitu\u00edmos itens se eles estiverem com defeito ou danificados. Se voc\u00ea precisar troc\u00e1-lo pelo mesmo item, envie-nos um e-mail para contato@ofaixapreta.com.br e envie seu item para: Rua Enrico Dell&#8217;Aacqua, 308 &#8211; 2\u00ba Andar &#8211; Centro; S\u00e3o Roque\/ SP &#8211; Cep. 18130-460.<\/span><\/p>\n<p><span style=\"background-color: var(--ast-global-color-5); font-style: inherit; font-weight: inherit; text-align: var(--text-align);\">PRESENTES: Se o item foi marcado como presente quando comprado e enviado diretamente para voc\u00ea, voc\u00ea receber\u00e1 um cr\u00e9dito de presente no valor da sua devolu\u00e7\u00e3o. Assim que o item devolvido for recebido, um vale-presente ser\u00e1 enviado para voc\u00ea.&nbsp;<\/span><span style=\"font-style: inherit; font-weight: inherit; text-align: var(--text-align); background-color: var(--ast-global-color-5);\">Se o item n\u00e3o foi marcado como presente quando comprado, ou se o presenteador enviou o pedido para si mesmo para entreg\u00e1-lo a voc\u00ea mais tarde, enviaremos um reembolso ao presenteador e ele saber\u00e1 sobre sua devolu\u00e7\u00e3o.<\/span><\/p>\n<p><span style=\"background-color: var(--ast-global-color-5); font-style: inherit; font-weight: inherit; text-align: var(--text-align);\">DEVOLU\u00c7\u00d5ES DE ENVIO: Para devolver seu produto, voc\u00ea deve envi\u00e1-lo para: Rua Enrico Dell&#8217;Acque, 308 &#8211; 2\u00ba Andar &#8211; Centro\/ S\u00e3o Roque\/ SP.&nbsp;<\/span><span style=\"font-style: inherit; font-weight: inherit; text-align: var(--text-align); background-color: var(--ast-global-color-5);\">Voc\u00ea ser\u00e1 respons\u00e1vel por pagar seus pr\u00f3prios custos de envio para devolver seu item. Os custos de envio n\u00e3o s\u00e3o reembols\u00e1veis. Se voc\u00ea receber um reembolso, o custo do frete de devolu\u00e7\u00e3o ser\u00e1 deduzido do seu reembolso.&nbsp;<\/span><span style=\"font-style: inherit; font-weight: inherit; text-align: var(--text-align); background-color: var(--ast-global-color-5);\">Dependendo de onde voc\u00ea mora, o tempo que pode levar para o produto trocado chegar at\u00e9 voc\u00ea pode variar.&nbsp;<\/span><span style=\"font-style: inherit; font-weight: inherit; text-align: var(--text-align); background-color: var(--ast-global-color-5);\">Se voc\u00ea estiver devolvendo itens mais caros, voc\u00ea pode considerar usar um servi\u00e7o de envio rastre\u00e1vel ou comprar um seguro de envio. N\u00e3o garantimos que receberemos seu item devolvido.<\/span><\/p>\n<p><span style=\"background-color: var(--ast-global-color-5); font-style: inherit; font-weight: inherit; text-align: var(--text-align);\">PRECISA DE AJUDA? Entre em contato pelo e-mail contato@ofaixapreta.com.br para perguntas relacionadas a reembolsos e devolu\u00e7\u00f5es.<\/span><\/p>\n<p><span style=\"background-color: var(--ast-global-color-5); font-style: inherit; font-weight: inherit; text-align: var(--text-align);\">Para maiores d\u00favidas e esclarecimentos, visite o site do PROCON em:<\/span><\/p>\n<p><span style=\"background-color: var(--ast-global-color-5); font-style: inherit; font-weight: inherit; text-align: var(--text-align);\">www.procon.sp.gov.br<\/span><\/p>\n<p><!-- \/wp:paragraph --><!-- wp:paragraph --><\/p>\n<p><!-- \/wp:paragraph --><\/p>\t\t\t\t\t\t\t\t<\/div>\n\t\t\t\t<\/div>\n\t\t\t\t\t<\/div>\n\t\t\t\t<\/div>\n\t\t\t\t<\/div>\n\t\t","protected":false},"excerpt":{"rendered":"<p>POL\u00cdTICA DE REEMBOLSO E DEVOLU\u00c7\u00c3O Priorizamos sua satisfa\u00e7\u00e3o. Estamos 100% de acordo com o PROCON, abaixo voc\u00ea pode acessar o C\u00f3digo de Defesa do Consumidor. VIS\u00c3O GERAL:&nbsp;Nossa pol\u00edtica de reembolso e devolu\u00e7\u00e3o dura 7 dias. Se 7 dias se passaram desde sua compra, n\u00e3o podemos oferecer um reembolso total ou troca.&nbsp;Para ser eleg\u00edvel para uma [&hellip;]<\/p>\n","protected":false},"author":1,"featured_media":0,"parent":0,"menu_order":0,"comment_status":"closed","ping_status":"closed","template":"","meta":{"site-sidebar-layout":"default","site-content-layout":"","ast-site-content-layout":"","site-content-style":"default","site-sidebar-style":"default","ast-global-header-display":"","ast-banner-title-visibility":"","ast-main-header-display":"","ast-hfb-above-header-display":"","ast-hfb-below-header-display":"","ast-hfb-mobile-header-display":"","site-post-title":"disabled","ast-breadcrumbs-content":"","ast-featured-img":"","footer-sml-layout":"","ast-disable-related-posts":"","theme-transparent-header-meta":"","adv-header-id-meta":"","stick-header-meta":"","header-above-stick-meta":"","header-main-stick-meta":"","header-below-stick-meta":"","astra-migrate-meta-layouts":"default","ast-page-background-enabled":"default","ast-page-background-meta":{"desktop":{"background-color":"var(--ast-global-color-4)","background-image":"","background-repeat":"repeat","background-position":"center center","background-size":"auto","background-attachment":"scroll","background-type":"","background-media":"","overlay-type":"","overlay-color":"","overlay-opacity":"","overlay-gradient":""},"tablet":{"background-color":"","background-image":"","background-repeat":"repeat","background-position":"center center","background-size":"auto","background-attachment":"scroll","background-type":"","background-media":"","overlay-type":"","overlay-color":"","overlay-opacity":"","overlay-gradient":""},"mobile":{"background-color":"","background-image":"","background-repeat":"repeat","background-position":"center center","background-size":"auto","background-attachment":"scroll","background-type":"","background-media":"","overlay-type":"","overlay-color":"","overlay-opacity":"","overlay-gradient":""}},"ast-content-background-meta":{"desktop":{"background-color":"var(--ast-global-color-5)","background-image":"","background-repeat":"repeat","background-position":"center center","background-size":"auto","background-attachment":"scroll","background-type":"","background-media":"","overlay-type":"","overlay-color":"","overlay-opacity":"","overlay-gradient":""},"tablet":{"background-color":"var(--ast-global-color-5)","background-image":"","background-repeat":"repeat","background-position":"center center","background-size":"auto","background-attachment":"scroll","background-type":"","background-media":"","overlay-type":"","overlay-color":"","overlay-opacity":"","overlay-gradient":""},"mobile":{"background-color":"var(--ast-global-color-5)","background-image":"","background-repeat":"repeat","background-position":"center center","background-size":"auto","background-attachment":"scroll","background-type":"","background-media":"","overlay-type":"","overlay-color":"","overlay-opacity":"","overlay-gradient":""}},"footnotes":""},"class_list":["post-15","page","type-page","status-publish","hentry"],"_links":{"self":[{"href":"https:\/\/ofaixapreta.com.br\/index.php\/wp-json\/wp\/v2\/pages\/15","targetHints":{"allow":["GET"]}}],"collection":[{"href":"https:\/\/ofaixapreta.com.br\/index.php\/wp-json\/wp\/v2\/pages"}],"about":[{"href":"https:\/\/ofaixapreta.com.br\/index.php\/wp-json\/wp\/v2\/types\/page"}],"author":[{"embeddable":true,"href":"https:\/\/ofaixapreta.com.br\/index.php\/wp-json\/wp\/v2\/users\/1"}],"replies":[{"embeddable":true,"href":"https:\/\/ofaixapreta.com.br\/index.php\/wp-json\/wp\/v2\/comments?post=15"}],"version-history":[{"count":0,"href":"https:\/\/ofaixapreta.com.br\/index.php\/wp-json\/wp\/v2\/pages\/15\/revisions"}],"wp:attachment":[{"href":"https:\/\/ofaixapreta.com.br\/index.php\/wp-json\/wp\/v2\/media?parent=15"}],"curies":[{"name":"wp","href":"https:\/\/api.w.org\/{rel}","templated":true}]}}