{"id":2,"date":"2023-09-07T14:07:24","date_gmt":"2023-09-07T17:07:24","guid":{"rendered":"https:\/\/ofaixapreta.com.br\/?page_id=2"},"modified":"2026-02-07T11:24:39","modified_gmt":"2026-02-07T14:24:39","slug":"pagina-inicial","status":"publish","type":"page","link":"https:\/\/ofaixapreta.com.br\/","title":{"rendered":"HOME"},"content":{"rendered":"\t\t<div data-elementor-type=\"wp-page\" data-elementor-id=\"2\" class=\"elementor elementor-2\" data-elementor-post-type=\"page\">\n\t\t\t\t<div class=\"elementor-element elementor-element-11332ef2 e-flex e-con-boxed e-con e-parent\" data-id=\"11332ef2\" data-element_type=\"container\" data-e-type=\"container\" data-settings=\"{&quot;background_background&quot;:&quot;classic&quot;}\">\n\t\t\t\t\t<div class=\"e-con-inner\">\n\t\t\t\t<div class=\"elementor-element elementor-element-94662b3 elementor-widget__width-initial elementor-widget-mobile__width-initial elementor-widget elementor-widget-image\" data-id=\"94662b3\" data-element_type=\"widget\" data-e-type=\"widget\" data-widget_type=\"image.default\">\n\t\t\t\t<div class=\"elementor-widget-container\">\n\t\t\t\t\t\t\t\t\t\t\t\t\t\t\t\t<a href=\"https:\/\/ofaixapreta.com.br\/index.php\/loja\/\">\n\t\t\t\t\t\t\t<img fetchpriority=\"high\" decoding=\"async\" width=\"2560\" height=\"967\" src=\"https:\/\/ofaixapreta.com.br\/wp-content\/uploads\/2025\/02\/Slide-1.png\" class=\"attachment-full size-full wp-image-341\" alt=\"\" srcset=\"https:\/\/ofaixapreta.com.br\/wp-content\/uploads\/2025\/02\/Slide-1.png 2560w, https:\/\/ofaixapreta.com.br\/wp-content\/uploads\/2025\/02\/Slide-1-300x113.png 300w, https:\/\/ofaixapreta.com.br\/wp-content\/uploads\/2025\/02\/Slide-1-1024x387.png 1024w, https:\/\/ofaixapreta.com.br\/wp-content\/uploads\/2025\/02\/Slide-1-768x290.png 768w, https:\/\/ofaixapreta.com.br\/wp-content\/uploads\/2025\/02\/Slide-1-1536x580.png 1536w, https:\/\/ofaixapreta.com.br\/wp-content\/uploads\/2025\/02\/Slide-1-2048x774.png 2048w, https:\/\/ofaixapreta.com.br\/wp-content\/uploads\/2025\/02\/Slide-1-600x227.png 600w\" sizes=\"(max-width: 2560px) 100vw, 2560px\" \/>\t\t\t\t\t\t\t\t<\/a>\n\t\t\t\t\t\t\t\t\t\t\t\t\t\t\t<\/div>\n\t\t\t\t<\/div>\n\t\t\t\t<div class=\"elementor-element elementor-element-5abdee9 elementor-widget elementor-widget-heading\" data-id=\"5abdee9\" data-element_type=\"widget\" data-e-type=\"widget\" data-widget_type=\"heading.default\">\n\t\t\t\t<div class=\"elementor-widget-container\">\n\t\t\t\t\t<h2 class=\"elementor-heading-title elementor-size-default\"><b>PROGRAMA DE DISCIPULADO<\/b><\/h2>\t\t\t\t<\/div>\n\t\t\t\t<\/div>\n\t\t\t\t<div class=\"elementor-element elementor-element-7e7ce8e elementor-widget elementor-widget-heading\" data-id=\"7e7ce8e\" data-element_type=\"widget\" data-e-type=\"widget\" data-widget_type=\"heading.default\">\n\t\t\t\t<div class=\"elementor-widget-container\">\n\t\t\t\t\t<h2 class=\"elementor-heading-title elementor-size-default\">( O FAIXA PRETA)<\/h2>\t\t\t\t<\/div>\n\t\t\t\t<\/div>\n\t\t\t\t<div class=\"elementor-element elementor-element-9e84676 elementor-widget elementor-widget-heading\" data-id=\"9e84676\" data-element_type=\"widget\" data-e-type=\"widget\" data-widget_type=\"heading.default\">\n\t\t\t\t<div class=\"elementor-widget-container\">\n\t\t\t\t\t<h2 class=\"elementor-heading-title elementor-size-default\">APRESENTA\u00c7\u00c3O<\/h2>\t\t\t\t<\/div>\n\t\t\t\t<\/div>\n\t\t\t\t<div class=\"elementor-element elementor-element-97b2191 elementor-widget elementor-widget-text-editor\" data-id=\"97b2191\" data-element_type=\"widget\" data-e-type=\"widget\" data-widget_type=\"text-editor.default\">\n\t\t\t\t<div class=\"elementor-widget-container\">\n\t\t\t\t\t\t\t\t\t<p style=\"margin-bottom: 0cm; text-align: left;\"><b style=\"font-style: inherit; text-align: justify;\">O QUE VOC\u00ca EST\u00c1 ADQUIRINDO?<br \/><br \/><\/b><span style=\"font-style: inherit; color: var( --e-global-color-text ); text-align: justify;\"><b>O que \u00e9 o PDOFP?<\/b><\/span><span style=\"font-style: inherit; text-align: justify; color: var( --e-global-color-text );\"><br \/><\/span><\/p><ul><li><span style=\"font-style: inherit; text-align: justify; color: var( --e-global-color-text );\">PDOFP (Programa de Discipulado &#8211; O Faixa Preta) \u00e9 o programa de treinamento exclusivo criado pelo Hexacampe\u00e3o Mundial de Karat\u00ea, Kazur\u00f4 Nakashima Diana &#8211; Recordista do Livro dos Recordes (Rank Brasil &#8211; Guinness Brasil).<br \/><br \/><\/span><\/li><li><span style=\"color: var( --e-global-color-text ); font-style: inherit;\"><span style=\"font-weight: inherit;\">Se voc\u00ea busca elevar seu conhecimento t\u00e9cnico e estrat\u00e9gico nas Artes Marciais a \u00edndices alt\u00edssimos de resultado, conquistando as chaves que abrir\u00e3o portas dos segredos que levam a vit\u00f3ria de forma certeira e eficaz, sem perder anos de dedica\u00e7\u00e3o com m\u00e9todos ultrapassados, ent\u00e3o, seja muito bem-vindo ao Programa de Discipulado &#8220;O Faixa Preta&#8221;.<br \/><br \/><\/span><\/span><\/li><\/ul><p><span style=\"font-style: inherit;\"><b>NOSSOS OBJETIVOS<br \/><br \/>Propaga\u00e7\u00e3o de Legado por Excel\u00eancia:<\/b><\/span><span style=\"font-style: inherit; font-weight: inherit;\"><br \/><\/span><\/p><ul><li><span style=\"font-style: inherit;\"><b>Convite ao Conhecimento: <\/b><\/span><span style=\"font-style: inherit; font-weight: inherit;\">Eu Sensei Kazur\u00f4, ofere\u00e7o aos amantes das ARTES MARCIAIS em geral, lutadores de MMA STRIKERS, praticantes dos diversos ESTILOS de KARAT\u00ca e especialistas das modalidades KATA, POOMSAE e TAO LU,<\/span><span style=\"font-style: inherit; font-weight: inherit;\">\u00a0todo o meu legado de conhecimento adquirido ao longo de uma carreira profissional repleta de vit\u00f3rias, conquistas, quebra de recordes e supera\u00e7\u00f5es. Convido voc\u00ea aficionado por MMA a compartilhar comigo, minhas experi\u00eancias nas \u00e1reas das Lutas (kumite), das Formas e Estilos (kata) e da Arte do Combate<\/span>\u00a0(karat\u00ea jitsu), a absorver essa heran\u00e7a marcial de minha fam\u00edlia, que se originou atrav\u00e9s dos longos anos de incans\u00e1veis estudos desenvolvidos por meu pai, o Gran Mestre 8\u00ba Grau, Douglas Diana, que me inspirou, me doutrinou e me forjou, para que um dia todo esse conhecimento fosse entregue hoje em suas m\u00e3os.<br \/><br \/><br \/><\/li><li><strong>Metodologia Aplicada Diferenciada: <\/strong>diferentemente do que muitos dizem, nosso m\u00e9todo n\u00e3o \u00e9 inovador, muito pelo contr\u00e1rio, ele segue os alt\u00edssimos padr\u00f5es das Tradicionais Escolas de Artes Marciais origin\u00e1rias do oriente, por\u00e9m, entregamos o que pouqu\u00edssimos cursos oferecem, que \u00e9 o acesso ao conhecimento profundo, que originou a estrutura l\u00f3gica e estrat\u00e9gica da Arte dos Combates Marciais. Assim como, a mec\u00e2nica e sofisticada funcionalidade do \u201cpor qu\u00ea e para qu\u00ea?\u201d foram criados cada movimento e a\u00e7\u00f5es dentro dos m\u00faltiplos estilos de Artes Marciais. Tudo isso culminando em proporcionar um aprendizado que valoriza a autenticidade, fortalecendo cada vez mais a paix\u00e3o pela Arte do Combate.<br \/><br \/><br \/><\/li><li><span style=\"font-style: inherit;\"><b>Desenvolvimento Individualizado:<\/b> Sabendo que cada discipulado \u00e9 \u00fanico e possuidor de um conhecimento espec\u00edfico, nosso compromisso passa a ser mais robusto e arrojado na entregabilidade do conhecimento, proporcionando uma experi\u00eancia t\u00e9cnica e estrat\u00e9gica a<\/span><span style=\"font-style: inherit; font-weight: inherit;\"><span style=\"font-style: inherit; font-weight: inherit;\"><span style=\"font-style: inherit; font-weight: inherit;\"><span style=\"font-style: inherit; font-weight: inherit;\"><span style=\"font-style: inherit; font-weight: inherit;\"><span style=\"font-style: inherit; font-weight: inherit;\">\u00a0n\u00edveis alt\u00edssimos! Acredite e confira, nada se compara no mercado de cursos, quando o assunto \u00e9 a busca pela qualidade, baixo custo, resultados positivos, assertividade, alta performance e excel\u00eancia do saber. Levamos ao seu alcance, a real e verdadeira experi\u00eancia de obter a m\u00e1xima performance dentro da universalidade da Arte do Combate, compatibilizando os resultados tanto para fins profissionais como para a busca pela excel\u00eancia em superar seus pr\u00f3prios limites. N\u00e3o temos medo de oferecermos o melhor!<br \/><br \/><\/span><\/span><\/span><\/span><\/span><\/span><\/li><li><strong>Transforma\u00e7\u00e3o Pessoal:<\/strong> Al\u00e9m do conhecimento t\u00e9cnico, nosso programa integra um conte\u00fado psicol\u00f3gico de alt\u00edssimo n\u00edvel reflex\u00edvel, inspirador e de supremacia estrat\u00e9gica, que desenvolver\u00e1 em voc\u00ea com o tempo, o esp\u00edrito de resili\u00eancia, atrav\u00e9s de uma metodologia pedag\u00f3gica e de ortodoxia fundamentada nas origens das lutas marciais, desenvolvendo uma especificidade dentro do seu pr\u00f3prio estilo de combate, assim como, proporcionar o senso l\u00f3gico e anal\u00edtico (vis\u00e3o perif\u00e9rica\/ racioc\u00ednio estrat\u00e9gico) semelhante ao dos grandes campe\u00f5es e lutadores que inspiraram a hist\u00f3ria das Artes Marciais.<br \/><br \/><br \/><\/li><\/ul><p><b>NOSSA ABORDAGEM<br \/><\/b><b style=\"font-style: inherit; color: var( --e-global-color-text ); text-align: var(--text-align);\"><br \/>Credibilidade, compromisso e autoridade:<\/b><\/p><ul><li><span style=\"font-style: inherit;\"><b>Experi\u00eancia e dedica\u00e7\u00e3o:<\/b><\/span><span style=\"font-style: inherit; font-weight: inherit;\">\u00a0Todo o conte\u00fado deste Programa \u00e9 disponibilizado a voc\u00ea, a um n\u00edvel m\u00e1ximo de excel\u00eancia, pois \u00e9 advindo da vasta experi\u00eancia do Sensei Kazur\u00f4, obtida\u00a0<\/span>dentro dos circuitos de competi\u00e7\u00f5es, por meio de rigorosos treinamentos e estudos pr\u00e1ticos ao longo dos seus quase 50 anos de carreira, vit\u00f3rias e recordes quebrados.<br \/><br \/><br \/><\/li><li><span style=\"font-style: inherit;\"><b>Heran\u00e7a de sabedoria:<\/b><\/span><span style=\"font-style: inherit; font-weight: inherit;\">\u00a0O conte\u00fado se torna extremamente completo e diferenciado, pois \u00e9 fruto tamb\u00e9m das buscas incans\u00e1veis por respostas, que o Gran Mestre Douglas Diana se dedicou durante toda a sua vida dentro das Artes Marciais, pois, foi um dos maiores pesquisadores e estudioso na \u00e1rea das lutas, com especializa\u00e7\u00e3o profunda em resgatar, aprimorar e desenvolver t\u00e9cnicas, estrat\u00e9gias e conceitos sobre a adapta\u00e7\u00e3o dos combates antigos aos dias de hoje, ou seja, segregou o que se tornou obsoleto, para ofertar o que se perpetua como eficaz e absoluto m\u00e9todo de combate, durante s\u00e9culos e s\u00e9culos, at\u00e9 os dias de hoje.<\/span><\/li><\/ul><p><b>Garantia de Resultados e Satisfa\u00e7\u00e3o:<\/b><\/p><ul><li><b>Resultados Comprovados:<\/b>\u00a0Nosso treinamento foi desenhado para que voc\u00ea alcance n\u00edveis de performance que poucos conseguem, com baixo custo, alta efic\u00e1cia, rapidez, funcionalidade e seguran\u00e7a.<br \/><br \/><br \/><\/li><li><b>Resultados que Falam:<\/b> O PDOFP desafia voc\u00ea a atingir uma performance de excel\u00eancia, com t\u00e9cnicas e estrat\u00e9gias que n\u00e3o t\u00eam compara\u00e7\u00e3o no mercado. Ao colocar em pr\u00e1tica cada t\u00e9cnica ensinada, seus resultados estar\u00e3o entre os melhores do mundo.<br \/><br \/><br \/><\/li><li><b>Investimento Seguro:<\/b> Temos tanta certeza da qualidade do impacto do nosso programa, que oferecemos uma garantia de 30 dias. Se n\u00e3o ficar satisfeito, seu investimento ser\u00e1 devolvido.<br \/><br \/><br \/><\/li><\/ul><p><b style=\"font-style: inherit;\">O QUE ESTE PROGRAMA N\u00c3O \u00c9?<br \/><\/b><b style=\"font-style: inherit; color: var( --e-global-color-text );\"><span style=\"font-style: inherit;\"><br \/>Interesse Genu\u00edno:<\/span><\/b><\/p><ul><li><b>N\u00e3o Divulgamos Conflitos:<\/b> O Programa n\u00e3o tem interesse algum de gerar afronta dentro do universo das Artes Marciais, muito menos denegrir<span style=\"font-style: inherit; font-weight: inherit;\">\u00a0os princ\u00edpios fundamentais das diversas Escolas de Lutas ou criar m\u00e9todos competitivos para ca\u00e7ar <\/span><span style=\"font-style: inherit; font-weight: inherit;\"><span style=\"font-style: inherit; font-weight: inherit;\"><span style=\"font-style: inherit; font-weight: inherit;\">alunos provenientes de outras escolas! Muito pelo contr\u00e1rio, queremos sim, somar e colaborar com o engrandecimento geral de todos, oferecendo cursos diferenciados que possam ajudar a desenvolver, agregar, refor\u00e7ar e auxiliar os processos did\u00e1ticos da evolu\u00e7\u00e3o\u00a0pedag\u00f3gica, estrat\u00e9gica e profissional dos Artistas Marciais em geral. N\u00e3o \u00e9 nosso departamento segregar, estamos aqui para fortalecer!<br \/><br \/><\/span><\/span><\/span><\/li><li><span style=\"font-style: inherit;\"><b>N\u00e3o Somos uma Escola:<\/b><\/span><span style=\"font-style: inherit; font-weight: inherit;\"> Como j\u00e1 dito, o PDOFP \u00e9 um Programa que discipula atrav\u00e9s de uma metodologia espec\u00edfica, afim de agregar mais conhecimento ao Artista Marcial. O PDOFP n\u00e3o se configura como uma escola de artes marciais convencional, portanto, n\u00e3o oferecemos certifica\u00e7\u00e3o ou gradua\u00e7\u00f5es via exames de faixa virtuais e entrega de diplomas via Sedex.\u00a0<\/span>Muito pelo contr\u00e1rio, sempre acreditamos que o verdadeiro Artista Marcial \u00e9 e sempre ser\u00e1 forjado dentro de um Doj\u00f4 (escola real) por meio de experi\u00eancias advindas de treinamentos rigorosos e presenciais!<br \/><br \/><br \/><\/li><li><span style=\"font-style: inherit; color: var( --e-global-color-text );\"><b>Foco na Transforma\u00e7\u00e3o:<\/b><\/span><span style=\"font-style: inherit; font-weight: inherit; color: var( --e-global-color-text );\"> N\u00e3o forjamos campe\u00f5es, isso \u00e9 obriga\u00e7\u00e3o das Escolas de Artes Marciais. Como dito anteriormente, nossa proposta \u00e9 &#8220;Propaga\u00e7\u00e3o de Legado&#8221; atrav\u00e9s de oferta honesta de conhecimento e suporte de treinamento cont\u00ednuo, ou seja, treinamento infinito!\u00a0<\/span>Estaremos sempre aqui para agregar aos que tem sede por conhecimento especializado e que buscam alto valor t\u00e9cnico!<br \/><br \/><\/li><\/ul><p><b>MISS\u00c3O SOCIAL E FILANTR\u00d3PICA<br \/><\/b><br \/><b>Transformando Vidas:<br \/><\/b><\/p><ul><li><b>Impacto Social:\u00a0<\/b>O PDOFP vai al\u00e9m de um simples curso, \u00e9 um convite a integra\u00e7\u00e3o de uma fam\u00edlia comprometida com a filantropia, caridade e o amor ao pr\u00f3ximo. 90% de todo o valor arrecadado por este Programa \u00e9 direcionado para as obras sociais do IKN-Instituto (ACEPPA).<br \/><br \/><br \/><\/li><li><b style=\"font-style: inherit; color: var( --e-global-color-text );\">Comprometimento com o Bem:\u00a0<\/b>N\u00e3o podemos nos dar ao luxo de termos sequer 1% de insatisfa\u00e7\u00e3o do p\u00fablico! Pois isso nos levaria a condi\u00e7\u00e3o de neglig\u00eancia no zelar pela vida de milhares de pessoas que dependem deste trabalho e de nossas obras sociais. A falta de comprometimento e responsabilidade em fornecer um produto de extrema qualidade a voc\u00ea, pode nos custar o pre\u00e7o de uma vida! Por esse e outros motivos de car\u00e1ter \u00e9tico e moral que o slogan do PDOFP se tornou &#8220;The Ultimate Training Sytem&#8221;, para n\u00f3s n\u00e3o sobra outro caminho, se n\u00e3o o de oferecermos o melhor a voc\u00ea! Acredite, somos muito bons no que fazemos!<br \/><br \/><br \/><\/li><\/ul><p><span style=\"font-style: inherit;\"><b>AGUARDAMOS VOC\u00ca!<br \/><\/b><\/span><span style=\"font-style: inherit; color: var( --e-global-color-text );\"><b><br \/><\/b><span style=\"font-weight: inherit;\">Queremos que tenha plena convic\u00e7\u00e3o de que ficar\u00e1 totalmente satisfeito, portanto convidamos ap\u00f3s ler nossa Apresenta\u00e7\u00e3o, que visite a P\u00e1gina <\/span><\/span><b style=\"font-style: inherit; color: var( --e-global-color-text );\">&#8220;Sobre n\u00f3s&#8221;<\/b><span style=\"font-style: inherit; font-weight: inherit; color: var( --e-global-color-text );\"> contida nesse Site. L\u00e1, voc\u00ea poder\u00e1 conhecer o Curr\u00edculo Completo do Sensei Kazur\u00f4 o Instrutor Chefe deste Programa, seus recordes, principais t\u00edtulos, mestres com quem treinou, lutas que praticou, projetos sociais que idealizou e presidiu, forma\u00e7\u00e3o acad\u00eamica etc. Podendo assim estar totalmente seguro que est\u00e1 fazendo um dos melhores investimentos dentro de sua vida como Artista Marcial.<\/span><\/p><p>Convidamos tamb\u00e9m que conhe\u00e7a toda a Estrutura do PDOFP de maneira mais profunda antes de fazer sua compra, indo at\u00e9 a P\u00e1gina &#8220;Tutorial&#8221; que est\u00e1 no Menu Principal no topo desta HOME.<\/p><p><b>Seja bem vindo ao PDOFP &#8211; The Ultimate Training System.\u00a0<br \/><\/b>Que Deus e nosso Senhor Jesus Cristo te aben\u00e7oe grandemente por nos prestigiar.<\/p><p>Sinceramente,<\/p><p>Sensei Kazur\u00f4 e toda a Equipe do IKN-Instituto (ACEPPA).<\/p>\t\t\t\t\t\t\t\t<\/div>\n\t\t\t\t<\/div>\n\t\t\t\t\t<\/div>\n\t\t\t\t<\/div>\n\t\t\t\t<\/div>\n\t\t","protected":false},"excerpt":{"rendered":"<p>PROGRAMA DE DISCIPULADO ( O FAIXA PRETA) APRESENTA\u00c7\u00c3O O QUE VOC\u00ca EST\u00c1 ADQUIRINDO? O que \u00e9 o PDOFP? PDOFP (Programa de Discipulado &#8211; O Faixa Preta) \u00e9 o programa de treinamento exclusivo criado pelo Hexacampe\u00e3o Mundial de Karat\u00ea, Kazur\u00f4 Nakashima Diana &#8211; Recordista do Livro dos Recordes (Rank Brasil &#8211; Guinness Brasil). Se voc\u00ea busca [&hellip;]<\/p>\n","protected":false},"author":1,"featured_media":0,"parent":0,"menu_order":0,"comment_status":"closed","ping_status":"closed","template":"","meta":{"site-sidebar-layout":"default","site-content-layout":"","ast-site-content-layout":"","site-content-style":"default","site-sidebar-style":"default","ast-global-header-display":"","ast-banner-title-visibility":"","ast-main-header-display":"","ast-hfb-above-header-display":"","ast-hfb-below-header-display":"","ast-hfb-mobile-header-display":"","site-post-title":"disabled","ast-breadcrumbs-content":"","ast-featured-img":"","footer-sml-layout":"","ast-disable-related-posts":"","theme-transparent-header-meta":"","adv-header-id-meta":"","stick-header-meta":"","header-above-stick-meta":"","header-main-stick-meta":"","header-below-stick-meta":"","astra-migrate-meta-layouts":"default","ast-page-background-enabled":"default","ast-page-background-meta":{"desktop":{"background-color":"var(--ast-global-color-4)","background-image":"","background-repeat":"repeat","background-position":"center center","background-size":"auto","background-attachment":"scroll","background-type":"","background-media":"","overlay-type":"","overlay-color":"","overlay-opacity":"","overlay-gradient":""},"tablet":{"background-color":"","background-image":"","background-repeat":"repeat","background-position":"center center","background-size":"auto","background-attachment":"scroll","background-type":"","background-media":"","overlay-type":"","overlay-color":"","overlay-opacity":"","overlay-gradient":""},"mobile":{"background-color":"","background-image":"","background-repeat":"repeat","background-position":"center center","background-size":"auto","background-attachment":"scroll","background-type":"","background-media":"","overlay-type":"","overlay-color":"","overlay-opacity":"","overlay-gradient":""}},"ast-content-background-meta":{"desktop":{"background-color":"var(--ast-global-color-5)","background-image":"","background-repeat":"repeat","background-position":"center center","background-size":"auto","background-attachment":"scroll","background-type":"","background-media":"","overlay-type":"","overlay-color":"","overlay-opacity":"","overlay-gradient":""},"tablet":{"background-color":"var(--ast-global-color-5)","background-image":"","background-repeat":"repeat","background-position":"center center","background-size":"auto","background-attachment":"scroll","background-type":"","background-media":"","overlay-type":"","overlay-color":"","overlay-opacity":"","overlay-gradient":""},"mobile":{"background-color":"var(--ast-global-color-5)","background-image":"","background-repeat":"repeat","background-position":"center center","background-size":"auto","background-attachment":"scroll","background-type":"","background-media":"","overlay-type":"","overlay-color":"","overlay-opacity":"","overlay-gradient":""}},"footnotes":""},"class_list":["post-2","page","type-page","status-publish","hentry"],"_links":{"self":[{"href":"https:\/\/ofaixapreta.com.br\/index.php\/wp-json\/wp\/v2\/pages\/2","targetHints":{"allow":["GET"]}}],"collection":[{"href":"https:\/\/ofaixapreta.com.br\/index.php\/wp-json\/wp\/v2\/pages"}],"about":[{"href":"https:\/\/ofaixapreta.com.br\/index.php\/wp-json\/wp\/v2\/types\/page"}],"author":[{"embeddable":true,"href":"https:\/\/ofaixapreta.com.br\/index.php\/wp-json\/wp\/v2\/users\/1"}],"replies":[{"embeddable":true,"href":"https:\/\/ofaixapreta.com.br\/index.php\/wp-json\/wp\/v2\/comments?post=2"}],"version-history":[{"count":6,"href":"https:\/\/ofaixapreta.com.br\/index.php\/wp-json\/wp\/v2\/pages\/2\/revisions"}],"predecessor-version":[{"id":1441,"href":"https:\/\/ofaixapreta.com.br\/index.php\/wp-json\/wp\/v2\/pages\/2\/revisions\/1441"}],"wp:attachment":[{"href":"https:\/\/ofaixapreta.com.br\/index.php\/wp-json\/wp\/v2\/media?parent=2"}],"curies":[{"name":"wp","href":"https:\/\/api.w.org\/{rel}","templated":true}]}}