{"id":71,"date":"2024-02-26T06:22:59","date_gmt":"2024-02-26T09:22:59","guid":{"rendered":"https:\/\/ofaixapreta.com.br\/?page_id=71"},"modified":"2025-03-06T00:56:09","modified_gmt":"2025-03-06T03:56:09","slug":"institucional","status":"publish","type":"page","link":"https:\/\/ofaixapreta.com.br\/index.php\/institucional\/","title":{"rendered":"Institucional"},"content":{"rendered":"\t\t<div data-elementor-type=\"wp-page\" data-elementor-id=\"71\" class=\"elementor elementor-71\" data-elementor-post-type=\"page\">\n\t\t\t\t<div class=\"elementor-element elementor-element-3b6fb1a e-flex e-con-boxed e-con e-parent\" data-id=\"3b6fb1a\" data-element_type=\"container\" data-e-type=\"container\" data-settings=\"{&quot;background_background&quot;:&quot;classic&quot;}\">\n\t\t\t\t\t<div class=\"e-con-inner\">\n\t\t\t\t<div class=\"elementor-element elementor-element-675f04f elementor-widget__width-inherit elementor-widget elementor-widget-image\" data-id=\"675f04f\" data-element_type=\"widget\" data-e-type=\"widget\" data-widget_type=\"image.default\">\n\t\t\t\t<div class=\"elementor-widget-container\">\n\t\t\t\t\t\t\t\t\t\t\t\t\t\t\t<img fetchpriority=\"high\" decoding=\"async\" width=\"1546\" height=\"423\" src=\"https:\/\/ofaixapreta.com.br\/wp-content\/uploads\/2025\/02\/Banner-Institucional.png\" class=\"attachment-full size-full wp-image-680\" alt=\"\" srcset=\"https:\/\/ofaixapreta.com.br\/wp-content\/uploads\/2025\/02\/Banner-Institucional.png.webp 1546w, https:\/\/ofaixapreta.com.br\/wp-content\/uploads\/2025\/02\/Banner-Institucional-300x82.png.webp 300w, https:\/\/ofaixapreta.com.br\/wp-content\/uploads\/2025\/02\/Banner-Institucional-1024x280.png.webp 1024w, https:\/\/ofaixapreta.com.br\/wp-content\/uploads\/2025\/02\/Banner-Institucional-768x210.png.webp 768w, https:\/\/ofaixapreta.com.br\/wp-content\/uploads\/2025\/02\/Banner-Institucional-1536x420.png.webp 1536w, https:\/\/ofaixapreta.com.br\/wp-content\/uploads\/2025\/02\/Banner-Institucional-600x164.png.webp 600w\" sizes=\"(max-width: 1546px) 100vw, 1546px\" \/>\t\t\t\t\t\t\t\t\t\t\t\t\t\t\t<\/div>\n\t\t\t\t<\/div>\n\t\t\t\t\t<\/div>\n\t\t\t\t<\/div>\n\t\t<div class=\"elementor-element elementor-element-2047844 e-flex e-con-boxed e-con e-parent\" data-id=\"2047844\" data-element_type=\"container\" data-e-type=\"container\">\n\t\t\t\t\t<div class=\"e-con-inner\">\n\t\t\t\t<div class=\"elementor-element elementor-element-1d9c727 elementor-widget elementor-widget-heading\" data-id=\"1d9c727\" data-element_type=\"widget\" data-e-type=\"widget\" data-widget_type=\"heading.default\">\n\t\t\t\t<div class=\"elementor-widget-container\">\n\t\t\t\t\t<h2 class=\"elementor-heading-title elementor-size-default\"><b>UM POUCO SOBRE N\u00d3S...<\/b><\/h2>\t\t\t\t<\/div>\n\t\t\t\t<\/div>\n\t\t\t\t\t<\/div>\n\t\t\t\t<\/div>\n\t\t<div class=\"elementor-element elementor-element-88be3f4 e-flex e-con-boxed e-con e-parent\" data-id=\"88be3f4\" data-element_type=\"container\" data-e-type=\"container\">\n\t\t\t\t\t<div class=\"e-con-inner\">\n\t\t\t\t<div class=\"elementor-element elementor-element-4a242b0 elementor-widget elementor-widget-heading\" data-id=\"4a242b0\" data-element_type=\"widget\" data-e-type=\"widget\" data-widget_type=\"heading.default\">\n\t\t\t\t<div class=\"elementor-widget-container\">\n\t\t\t\t\t<h2 class=\"elementor-heading-title elementor-size-default\"><b style=\"font-style: inherit;background-color: var(--ast-global-color-5)\">Sobre o <\/b><b style=\"font-style: inherit;background-color: var(--ast-global-color-5)\">IKN-Instituto (ACEPPA): <\/b><span style=\"font-style: inherit;font-weight: inherit;background-color: var(--ast-global-color-5)\">Foi primeiramente fundado pelo \"Mestre Douglas Diana\" em 1994 com o nome de \"Associa\u00e7\u00e3o Nippaku Shobukan Karat\u00ea Goju-ryu\". <\/span><span style=\"font-style: inherit;font-weight: inherit;background-color: var(--ast-global-color-5)\">Hoje \u00e9 presidida pelo, Dr. Jos\u00e9 <\/span><span style=\"font-style: inherit;font-weight: inherit;background-color: var(--ast-global-color-5)\">Roberto Sim\u00f5es, juntamente com o Administrador Geral, Prof. Kazur\u00f4 Nakashima <\/span><span style=\"font-style: inherit;font-weight: inherit;background-color: var(--ast-global-color-5)\">Diana.<\/span><br><br><b style=\"font-style: inherit;background-color: var(--ast-global-color-5)\">IKN-Instituto<\/b><span style=\"font-style: inherit;font-weight: inherit;background-color: var(--ast-global-color-5)\"> \u00e9 o nome \"fantasia\" da <\/span><b style=\"font-style: inherit;background-color: var(--ast-global-color-5)\">ACEPPA<\/b><span style=\"font-style: inherit;font-weight: inherit;background-color: var(--ast-global-color-5)\"> (Associa\u00e7\u00e3o Cultural Esportiva de Proje\u00e7\u00e3o Prol Atleta). Este nome foi uma homenagem feita no ano de 2018 pelo ent\u00e3o Presid. Prof. Guaracy de Oliveira Ramos Fernandes ao Sensei Kazur\u00f4, pelos servi\u00e7os prestados ao povo brasileiro. Desde sua funda\u00e7\u00e3o, j\u00e1 foram atendidas mais de 15.000 pessoas atrav\u00e9s de a\u00e7\u00f5es filantr\u00f3picas e de caridade.<\/span><br><br><b style=\"font-style: inherit;background-color: var(--ast-global-color-5)\">O IKN-Instituto<\/b><span style=\"font-style: inherit;font-weight: inherit;background-color: var(--ast-global-color-5)\"> \u00e9 uma pessoa jur\u00eddica de direito privado, distinta de suas afiliadas, com organiza\u00e7\u00e3o e funcionamento aut\u00f4nomo, sem fins econ\u00f4micos, de utilidade p\u00fablica e que possui car\u00e1ter beneficente, ex\u00f3geno, associativo, filantr\u00f3pico. Atua nas \u00e1reas da <\/span><span style=\"font-style: inherit;font-weight: inherit;background-color: var(--ast-global-color-5)\">cultura, esporte, lazer, sa\u00fade, assist\u00eancia social, educa\u00e7\u00e3o, desenvolvimento \u00e9tico e moral, da cidadania, socioassistencial, de fortalecimento de v\u00ednculos, de preven\u00e7\u00e3o e orienta\u00e7\u00e3o sobre doen\u00e7as, profissionalizante, de preserva\u00e7\u00e3o ambiental, de desenvolvimento sustent\u00e1vel, representativo e reivindicativo na defesa do indiv\u00edduo.<\/span><span style=\"font-style: inherit;font-weight: inherit;background-color: var(--ast-global-color-5)\"><br><\/span><br><p style=\"margin-bottom:0cm\"><b style=\"font-style: inherit;background-color: var(--ast-global-color-5)\">Miss\u00e3o: <\/b><span style=\"font-style: inherit;font-weight: inherit;background-color: var(--ast-global-color-5)\">Proporcionar \u00e0 sociedade meios e <\/span><span style=\"font-style: inherit;font-weight: inherit;background-color: var(--ast-global-color-5)\">condi\u00e7\u00f5es que facilitem e fortale\u00e7am o seu desenvolvimento e progresso, em <\/span><span style=\"font-style: inherit;font-weight: inherit;background-color: var(--ast-global-color-5)\">a\u00e7\u00f5es, atividades e pensamentos voltados para o bem comum, assim como o alcance <\/span><span style=\"font-style: inherit;font-weight: inherit;background-color: var(--ast-global-color-5)\">de uma vida digna e de qualidade para todos.<\/span><\/p><br><p style=\"margin-bottom:0cm\"><b style=\"font-style: inherit;background-color: var(--ast-global-color-5)\">Prop\u00f3sito: <\/b><span style=\"font-style: inherit;font-weight: inherit;background-color: var(--ast-global-color-5)\">Combate constante contra a mis\u00e9ria <\/span><span style=\"font-style: inherit;font-weight: inherit;background-color: var(--ast-global-color-5)\">e a pobreza, assim como, a luta contra a desigualdade de direitos e <\/span><span style=\"font-style: inherit;font-weight: inherit;background-color: var(--ast-global-color-5)\">oportunidades.<\/span><\/p><br><p style=\"margin-bottom:0cm\"><b style=\"font-style: inherit;background-color: var(--ast-global-color-5)\">Campo de atua\u00e7\u00e3o: <\/b><span style=\"font-style: inherit;font-weight: inherit;background-color: var(--ast-global-color-5)\">Desenvolvedor e executor de <\/span><span style=\"font-style: inherit;font-weight: inherit;background-color: var(--ast-global-color-5)\">projetos sociais, captador e fornecedor de recursos, condi\u00e7\u00f5es e estruturas de <\/span><span style=\"font-style: inherit;font-weight: inherit;background-color: var(--ast-global-color-5)\">base dignas para a reintegra\u00e7\u00e3o do indiv\u00edduo em sociedade. Beneficiador das \u00e1reas da Prote\u00e7\u00e3o Social B\u00e1sica, tendo como foco o fortalecimento de v\u00ednculos entre familiares, buscando um melhor conv\u00edvio pac\u00edfico e harmonizo em sociedade.<\/span><\/p><br><p style=\"margin-bottom:0cm\"><b style=\"font-style: inherit;background-color: var(--ast-global-color-5)\">Principais Projetos <\/b><b style=\"font-style: inherit;background-color: var(--ast-global-color-5)\">e Programas Sociais Coligados: <\/b><span style=\"font-style: inherit;font-weight: inherit;background-color: var(--ast-global-color-5)\">*Projeto Karatekinha,&nbsp;*<\/span><span style=\"font-style: inherit;font-weight: inherit;background-color: var(--ast-global-color-5)\">Projeto Brabo's,&nbsp;*Programa N\u00f3s somos 1,&nbsp;*Programa P\u00e3o <\/span><span style=\"font-style: inherit;font-weight: inherit;background-color: var(--ast-global-color-5)\">di\u00e1rio,&nbsp;*Programa De m\u00e3os dadas,&nbsp;*Programa Quero ser um <\/span><span style=\"font-style: inherit;font-weight: inherit;background-color: var(--ast-global-color-5)\">Tekinha,&nbsp;*Programa Empreendedores do amanh\u00e3,&nbsp;*Programa Cidad\u00e3os de <\/span><span style=\"font-style: inherit;font-weight: inherit;background-color: var(--ast-global-color-5)\">bem,&nbsp;*Programa Medalha, medalha, medalha...<\/span><\/p><br><p style=\"margin-bottom:0cm\"><b style=\"font-style: inherit;background-color: var(--ast-global-color-5)\">Programa PDOFP + <\/b><b style=\"font-style: inherit;background-color: var(--ast-global-color-5)\">IKN-Instituto (ACEPPA): <\/b><span style=\"font-style: inherit;font-weight: inherit;background-color: var(--ast-global-color-5)\">O Programa PDOFP \u00e9 um dos, sen\u00e3o o <\/span><span style=\"font-style: inherit;font-weight: inherit;background-color: var(--ast-global-color-5)\">mais importante Programa de sustentabilidade e Captador de Recurso do <\/span><span style=\"font-style: inherit;font-weight: inherit;background-color: var(--ast-global-color-5)\">IKN-Instituto. Somado ao Programa \"N\u00f3s somos 1\", estes dois Projetos <\/span><span style=\"font-style: inherit;font-weight: inherit;background-color: var(--ast-global-color-5)\">criados pelo Sensei Kazur\u00f4, geram mensalmente condi\u00e7\u00f5es para suprir as <\/span><span style=\"font-style: inherit;font-weight: inherit;background-color: var(--ast-global-color-5)\">necessidades b\u00e1sicas de centenas de fam\u00edlias carentes. A iniciativa que gerou o <\/span><span style=\"font-style: inherit;font-weight: inherit;background-color: var(--ast-global-color-5)\">PDOFP, surgiu no per\u00edodo pand\u00eamico, em meados do ano de 2020, onde o Sensei <\/span><span style=\"font-style: inherit;font-weight: inherit;background-color: var(--ast-global-color-5)\">Kazur\u00f4 percebeu que poderia arrecadar bons recursos para suas obras sociais, <\/span><span style=\"font-style: inherit;font-weight: inherit;background-color: var(--ast-global-color-5)\">atrav\u00e9s de Aulas Digitais oferecidas aos Artistas Marciais brasileiros. Sendo assim, foram <\/span><span style=\"font-style: inherit;font-weight: inherit;background-color: var(--ast-global-color-5)\">unidos o \u00fatil ao agrad\u00e1vel, ou melhor dizendo, a caridade com a vontade de gerar recursos provenientes do sal\u00e1rio de um \u00fanico trabalhador. Acredite, essa foi a Promessa que Deus concedeu no per\u00edodo pand\u00eamico ao Sensei Kazur\u00f4.<\/span><\/p><br><p style=\"margin-bottom:0cm\"><b><span style=\"font-style: inherit;background-color: var(--ast-global-color-5)\">Dados que motivaram<\/span><span style=\"font-style: inherit;background-color: var(--ast-global-color-5)\"> a busca por novos meios de sustentabilidade no per\u00edodo pand\u00eamico:<\/span><\/b><\/p><p style=\"margin-bottom:0cm\">Aproximadamente 15.000 pessoas deixaram de serem atendidas por incapacidade de arrecada\u00e7\u00e3o de recursos. Dessas 15.000, 197 vieram a \u00f3bito por COVID19.\nCom os Programas PDOFP e NS1 funcionando a todo o vapor, temos a total certeza, de que nunca mais teremos falta de recursos para atender nossa comunidade! Com a Gra\u00e7a de Deus. <\/p><br><p style=\"margin-bottom:0cm\"><span style=\"font-style: inherit;background-color: var(--ast-global-color-5)\">Para maiores informa\u00e7\u00f5es sobre o IKN-Instituto (ACEPPA) visite o Portal da Transpar\u00eancia em www.aceppa.org<\/span><\/p><br><p style=\"margin-bottom:0cm\"><span style=\"font-style: inherit;font-weight: inherit;background-color: var(--ast-global-color-5)\">Que <\/span><span style=\"font-style: inherit;font-weight: inherit;background-color: var(--ast-global-color-5)\">Deus e nosso Senhor Jesus Cristo te aben\u00e7oe grandemente!<\/span><\/p><br><p style=\"margin-bottom:0cm\"><span style=\"font-style: inherit;font-weight: inherit;background-color: var(--ast-global-color-5)\">Sinceramente,\n\nSensei Kazur\u00f4 e Equipe Solid\u00e1ria do IKN-Instituto (ACEPPA).<\/span><span style=\"font-style: inherit;background-color: var(--ast-global-color-5)\"><\/span><\/p><\/h2>\t\t\t\t<\/div>\n\t\t\t\t<\/div>\n\t\t\t\t\t<\/div>\n\t\t\t\t<\/div>\n\t\t\t\t<\/div>\n\t\t","protected":false},"excerpt":{"rendered":"<p>UM POUCO SOBRE N\u00d3S&#8230; Sobre o IKN-Instituto (ACEPPA): Foi primeiramente fundado pelo &#8220;Mestre Douglas Diana&#8221; em 1994 com o nome de &#8220;Associa\u00e7\u00e3o Nippaku Shobukan Karat\u00ea Goju-ryu&#8221;. Hoje \u00e9 presidida pelo, Dr. Jos\u00e9 Roberto Sim\u00f5es, juntamente com o Administrador Geral, Prof. Kazur\u00f4 Nakashima Diana. IKN-Instituto \u00e9 o nome &#8220;fantasia&#8221; da ACEPPA (Associa\u00e7\u00e3o Cultural Esportiva de Proje\u00e7\u00e3o [&hellip;]<\/p>\n","protected":false},"author":1,"featured_media":0,"parent":0,"menu_order":0,"comment_status":"closed","ping_status":"closed","template":"","meta":{"site-sidebar-layout":"no-sidebar","site-content-layout":"","ast-site-content-layout":"full-width-container","site-content-style":"default","site-sidebar-style":"default","ast-global-header-display":"","ast-banner-title-visibility":"","ast-main-header-display":"","ast-hfb-above-header-display":"","ast-hfb-below-header-display":"","ast-hfb-mobile-header-display":"","site-post-title":"disabled","ast-breadcrumbs-content":"","ast-featured-img":"disabled","footer-sml-layout":"","ast-disable-related-posts":"","theme-transparent-header-meta":"","adv-header-id-meta":"","stick-header-meta":"","header-above-stick-meta":"","header-main-stick-meta":"","header-below-stick-meta":"","astra-migrate-meta-layouts":"default","ast-page-background-enabled":"default","ast-page-background-meta":{"desktop":{"background-color":"var(--ast-global-color-4)","background-image":"","background-repeat":"repeat","background-position":"center center","background-size":"auto","background-attachment":"scroll","background-type":"","background-media":"","overlay-type":"","overlay-color":"","overlay-opacity":"","overlay-gradient":""},"tablet":{"background-color":"","background-image":"","background-repeat":"repeat","background-position":"center center","background-size":"auto","background-attachment":"scroll","background-type":"","background-media":"","overlay-type":"","overlay-color":"","overlay-opacity":"","overlay-gradient":""},"mobile":{"background-color":"","background-image":"","background-repeat":"repeat","background-position":"center center","background-size":"auto","background-attachment":"scroll","background-type":"","background-media":"","overlay-type":"","overlay-color":"","overlay-opacity":"","overlay-gradient":""}},"ast-content-background-meta":{"desktop":{"background-color":"var(--ast-global-color-5)","background-image":"","background-repeat":"repeat","background-position":"center center","background-size":"auto","background-attachment":"scroll","background-type":"","background-media":"","overlay-type":"","overlay-color":"","overlay-opacity":"","overlay-gradient":""},"tablet":{"background-color":"var(--ast-global-color-5)","background-image":"","background-repeat":"repeat","background-position":"center center","background-size":"auto","background-attachment":"scroll","background-type":"","background-media":"","overlay-type":"","overlay-color":"","overlay-opacity":"","overlay-gradient":""},"mobile":{"background-color":"var(--ast-global-color-5)","background-image":"","background-repeat":"repeat","background-position":"center center","background-size":"auto","background-attachment":"scroll","background-type":"","background-media":"","overlay-type":"","overlay-color":"","overlay-opacity":"","overlay-gradient":""}},"footnotes":""},"class_list":["post-71","page","type-page","status-publish","hentry"],"_links":{"self":[{"href":"https:\/\/ofaixapreta.com.br\/index.php\/wp-json\/wp\/v2\/pages\/71","targetHints":{"allow":["GET"]}}],"collection":[{"href":"https:\/\/ofaixapreta.com.br\/index.php\/wp-json\/wp\/v2\/pages"}],"about":[{"href":"https:\/\/ofaixapreta.com.br\/index.php\/wp-json\/wp\/v2\/types\/page"}],"author":[{"embeddable":true,"href":"https:\/\/ofaixapreta.com.br\/index.php\/wp-json\/wp\/v2\/users\/1"}],"replies":[{"embeddable":true,"href":"https:\/\/ofaixapreta.com.br\/index.php\/wp-json\/wp\/v2\/comments?post=71"}],"version-history":[{"count":0,"href":"https:\/\/ofaixapreta.com.br\/index.php\/wp-json\/wp\/v2\/pages\/71\/revisions"}],"wp:attachment":[{"href":"https:\/\/ofaixapreta.com.br\/index.php\/wp-json\/wp\/v2\/media?parent=71"}],"curies":[{"name":"wp","href":"https:\/\/api.w.org\/{rel}","templated":true}]}}