{"id":181,"date":"2025-01-09T20:27:14","date_gmt":"2025-01-09T23:27:14","guid":{"rendered":"https:\/\/ofaixapreta.com.br\/?post_type=product&#038;p=181"},"modified":"2025-02-28T13:05:21","modified_gmt":"2025-02-28T16:05:21","slug":"doe-agora-qualquer-valor-via-pix-ou-deposito-bancario","status":"publish","type":"product","link":"https:\/\/ofaixapreta.com.br\/index.php\/produto\/doe-agora-qualquer-valor-via-pix-ou-deposito-bancario\/","title":{"rendered":"Doe agora qualquer valor: &#8220;Via Pix&#8221; ou &#8220;Dep\u00f3sito Banc\u00e1rio&#8221;"},"content":{"rendered":"<p>\ud83d\udd38<strong>Esta \u00e9 uma Doa\u00e7\u00e3o &#8220;Via Pix ou Dep\u00f3sito Banc\u00e1rio&#8221; feita em uma \u00fanica parcela de &#8220;qualquer valor&#8221;.<\/strong><\/p>\n<p><strong>ATEN\u00c7\u00c3O:<\/strong> todas as doa\u00e7\u00f5es feitas ao IKN-Instituto (ACEPPA), podem ser abatidas no momento da sua &#8220;Declara\u00e7\u00e3o do Imposto de Renda Pessoa F\u00edsica&#8221;. Saiba mais lendo o TUTORIAL que se encontra no final desta<strong> descri\u00e7\u00e3o<\/strong>.<\/p>\n<p>\ud83d\udd38<strong> Sobre o IKN-Instituto (ACEPPA):<\/strong><\/p>\n<p>Foi primeiramente fundado pelo &#8220;Mestre Douglas Diana&#8221; em 1994 com o nome de &#8220;Associa\u00e7\u00e3o Nippaku Shobukan Karat\u00ea Goju-ryu&#8221;. Hoje \u00e9 presidida pelo, Dr. Jos\u00e9 Roberto Sim\u00f5es, juntamente com o Administrador Geral, Prof. Kazur\u00f4 Nakashima Diana.<\/p>\n<p><strong>IKN-Instituto<\/strong> \u00e9 o nome &#8220;fantasia&#8221; da <strong>ACEPPA<\/strong> (Associa\u00e7\u00e3o Cultural Esportiva de Proje\u00e7\u00e3o Prol Atleta). Este nome foi uma homenagem feita no ano de 2018 pelo ent\u00e3o Presid. Prof. Guaracy de Oliveira Ramos Fernandes ao Sensei Kazur\u00f4, pelos servi\u00e7os prestados ao povo brasileiro. Desde sua funda\u00e7\u00e3o, j\u00e1 foram atendidas mais de 15.000 pessoas atrav\u00e9s de a\u00e7\u00f5es filantr\u00f3picas e de caridade.<\/p>\n<p>O IKN-Instituto \u00e9 uma pessoa jur\u00eddica de direito privado, distinta de suas afiliadas, com organiza\u00e7\u00e3o e funcionamento aut\u00f4nomo, sem fins econ\u00f4micos, de utilidade p\u00fablica e que possui car\u00e1ter beneficente, ex\u00f3geno, associativo, filantr\u00f3pico. Atua nas \u00e1reas da cultura, esporte, lazer, sa\u00fade, assist\u00eancia social, educa\u00e7\u00e3o, desenvolvimento \u00e9tico e moral, da cidadania, socioassistencial, de fortalecimento de v\u00ednculos, de preven\u00e7\u00e3o e orienta\u00e7\u00e3o sobre doen\u00e7as, profissionalizante, de preserva\u00e7\u00e3o ambiental, de desenvolvimento sustent\u00e1vel, representativo e reivindicativo na defesa do indiv\u00edduo.<\/p>\n<p>\ud83d\udd38<strong> Miss\u00e3o:<\/strong><\/p>\n<p>Proporcionar \u00e0 sociedade meios e condi\u00e7\u00f5es que facilitem e fortale\u00e7am o seu desenvolvimento e progresso, em a\u00e7\u00f5es, atividades e pensamentos voltados para o bem comum, assim como o alcance de uma vida digna e de qualidade para todos.<\/p>\n<p>\ud83d\udd38<strong> Prop\u00f3sito:<\/strong><\/p>\n<p>Combate constante contra a mis\u00e9ria e a pobreza, assim como, a luta contra a desigualdade de direitos e oportunidades.<\/p>\n<p>\ud83d\udd38<strong> Campo de atua\u00e7\u00e3o:<\/strong><\/p>\n<p>Desenvolvedor e executor de projetos sociais, captador e fornecedor de recursos, condi\u00e7\u00f5es e estruturas de base dignas para a reintegra\u00e7\u00e3o do indiv\u00edduo em sociedade. Beneficiador das \u00e1reas da Prote\u00e7\u00e3o Social B\u00e1sica, tendo como foco o fortalecimento de v\u00ednculos entre familiares, buscando um melhor conv\u00edvio pac\u00edfico e harmonizo em sociedade.<\/p>\n<p>\ud83d\udd38<strong> Principais Projetos e Programas Sociais Coligados:<\/strong><\/p>\n<p>* Projeto Karatekinha,\u00a0* Projeto Brabo&#8217;s,\u00a0* Programa N\u00f3s somos 1,\u00a0* Programa P\u00e3o di\u00e1rio,\u00a0* Programa De m\u00e3os dadas,\u00a0* Programa Quero ser um Tekinha,\u00a0* Programa Empreendedores do amanh\u00e3,\u00a0* Programa Cidad\u00e3os de bem,\u00a0* Programa Medalha, medalha, medalha&#8230;<\/p>\n<p>\ud83d\udd38<strong> Programa PDOFP + IKN-Instituto (ACEPPA):<\/strong><\/p>\n<p>O Programa PDOFP \u00e9 um dos, sen\u00e3o o mais importante Programa de Sustentabilidade e Captador de Recurso do IKN-Instituto. Somado ao Programa &#8220;N\u00f3s somos 1&#8221;, estes dois Projetos criados pelo Sensei Kazur\u00f4, geram mensalmente condi\u00e7\u00f5es para suprir as necessidades b\u00e1sicas de centenas de fam\u00edlias carentes. A iniciativa que gerou o PDOFP surgiu no per\u00edodo pand\u00eamico, em meados do ano de 2020, onde o Sensei Kazur\u00f4 percebeu que poderia arrecadar bons recursos para suas obras sociais, atrav\u00e9s de Aulas Digitais oferecidas aos Artistas Marciaisde todo o Brasil. Sendo assim, foram unidos o \u00fatil ao agrad\u00e1vel, ou melhor dizendo, a caridade com a capta\u00e7\u00e3o de recursos adquirida atrav\u00e9s do sal\u00e1rio de um \u00fanico trabalhador. Essa foi a Promessa que Deus concedeu no per\u00edodo pand\u00eamico ao Sensei Kazur\u00f4.<\/p>\n<p>Dados que motivaram a busca por novos meios de sustentabilidade no per\u00edodo pand\u00eamico: Aproximadamente 15.000 pessoas deixando de serem atendidas por incapacidade de arrecada\u00e7\u00e3o de recursos, dessas 15.000, 197 vieram a h\u00e1bito por COVID19. Os Programas &#8220;N\u00f3s somos 1&#8221; e o Programa &#8220;PDOFP&#8221; foram criados nessa \u00e9poca com o intuito de suprir tais debilidades, para que tais fatalidades e trag\u00e9dias, nunca mais venham a atingir nossa comuinidade, com a Gra\u00e7a e a Miseric\u00f3rdia de Deus.<\/p>\n<p class=\"selectable-text copyable-text x15bjb6t x1n2onr6\" dir=\"ltr\"><span class=\"selectable-text copyable-text false\"><strong>ATEN\u00c7\u00c3O: <\/strong>Ap\u00f3s a doa\u00e7\u00e3o, clique no &#8220;LINK&#8221; no final da p\u00e1gina, para &#8220;baixar&#8221; a &#8220;Revista Digital de Agradecimento&#8221; que fala sobre o nosso maior Projeto Social de Sucesso, o &#8220;Projeto Karatekinha&#8221;.<\/span><\/p>\n<p class=\"selectable-text copyable-text x15bjb6t x1n2onr6\" dir=\"ltr\"><span class=\"selectable-text copyable-text false\"><span style=\"color: #ff0000;\">\u00a0\u2764<\/span>Que Deus e nosso Senhor Jesus Cristo te aben\u00e7oe grandemente por sua colabora\u00e7\u00e3o!<\/span><\/p>\n<p class=\"selectable-text copyable-text x15bjb6t x1n2onr6\" dir=\"ltr\"><span class=\"selectable-text copyable-text false\">Sinceramente, Sensei Kazur\u00f4 e Equipe Solid\u00e1ria do IKN-Instituto (ACEPPA).<\/span><\/p>\n<p dir=\"ltr\">\u2705\u00a0Baixar aqui o <strong>Tutorial Passo a Passo<\/strong> sobre como abater suas doa\u00e7\u00f5es feitas ao nosso Instituto no momento da sua declara\u00e7\u00e3o no Imposto de Renda Pessoa F\u00edsica: <a href=\"https:\/\/ofaixapreta.com.br\/wp-content\/uploads\/2025\/01\/Como-declarar-no-IRPF-minhas-doacoes.pdf\">\u25b6IRPF<\/a><\/p>\n<p dir=\"ltr\">\u2705 Baixar aqui a Revista do Projeto Karatekinha: <a href=\"https:\/\/ofaixapreta.com.br\/wp-content\/uploads\/2025\/01\/Gratidao-pela-Doacao-Revista.pdf\">\u25b6PK<\/a><\/p>\n","protected":false},"excerpt":{"rendered":"<p class=\"selectable-text copyable-text x15bjb6t x1n2onr6\" dir=\"ltr\"><span class=\"selectable-text copyable-text false\">E<\/span><span style=\"font-size: 16px;\">sta \u00e9 uma Doa\u00e7\u00e3o <\/span><strong style=\"font-size: 16px;\">&#8220;Via Pix ou Dep\u00f3sito Banc\u00e1rio&#8221;<\/strong><span style=\"font-size: 16px;\"> em uma \u00fanica parcela de <\/span><strong style=\"font-size: 16px;\">&#8220;qualquer valor&#8221;<\/strong><span style=\"font-size: 16px;\">.<\/span><\/p>\n<p class=\"selectable-text copyable-text x15bjb6t x1n2onr6\" dir=\"ltr\"><span class=\"selectable-text copyable-text false\"><strong>ATEN\u00c7\u00c3O:<\/strong> todas as doa\u00e7\u00f5es feitas ao IKN-Instituto (ACEPPA), podem ser abatidas no momento da sua &#8220;Declara\u00e7\u00e3o do Imposto de Renda Pessoa F\u00edsica&#8221;. Saiba mais lendo o TUTORIAL que se encontra no final desta<strong> descri\u00e7\u00e3o<\/strong>. <\/span><\/p>\n<p class=\"selectable-text copyable-text x15bjb6t x1n2onr6\" dir=\"ltr\"><span class=\"x19la9d6 x1fc57z9 x6ikm8r x10wlt62 x19co3pv x1g5zs5t xfibh0p xiy17q3 x1xsqp64 x1lkfr7t xexx8yu x4uap5 x18d9i69 xkhd6sd\"><span class=\"xrtxmta x1bhl96m\">\ud83d\udd38<\/span><\/span><span class=\"selectable-text copyable-text false\"> Sobre o IKN-Instituto (ACEPPA):<\/span><\/p>\n<p class=\"selectable-text copyable-text x15bjb6t x1n2onr6\" dir=\"ltr\"><span class=\"selectable-text copyable-text false\">Foi primeiramente fundado pelo &#8220;Mestre Douglas Diana&#8221; em 1994 com o nome de &#8220;Associa\u00e7\u00e3o Nippaku Shobukan Karat\u00ea Goju-ryu&#8221;.<\/span><\/p>\n<p class=\"selectable-text copyable-text x15bjb6t x1n2onr6\" dir=\"ltr\"><span class=\"selectable-text copyable-text false\">Hoje \u00e9 Presidida pelo, Dr. Jos\u00e9 Roberto Sim\u00f5es, juntamente com o Administrador Geral, Prof. Kazur\u00f4 Nakashima Diana. Quer saber mais sobre nossas a\u00e7\u00f5es solid\u00e1rias, leia nossa hist\u00f3ria no\u00a0<strong>&#8220;descritivo&#8221; <\/strong>desta p\u00e1gina&#8230;<\/span><\/p>\n","protected":false},"featured_media":186,"comment_status":"open","ping_status":"closed","template":"","meta":{"site-sidebar-layout":"default","site-content-layout":"","ast-site-content-layout":"default","site-content-style":"default","site-sidebar-style":"default","ast-global-header-display":"","ast-banner-title-visibility":"","ast-main-header-display":"","ast-hfb-above-header-display":"","ast-hfb-below-header-display":"","ast-hfb-mobile-header-display":"","site-post-title":"","ast-breadcrumbs-content":"","ast-featured-img":"","footer-sml-layout":"","ast-disable-related-posts":"","theme-transparent-header-meta":"default","adv-header-id-meta":"","stick-header-meta":"","header-above-stick-meta":"","header-main-stick-meta":"","header-below-stick-meta":"","astra-migrate-meta-layouts":"set","ast-page-background-enabled":"default","ast-page-background-meta":{"desktop":{"background-color":"var(--ast-global-color-4)","background-image":"","background-repeat":"repeat","background-position":"center center","background-size":"auto","background-attachment":"scroll","background-type":"","background-media":"","overlay-type":"","overlay-color":"","overlay-opacity":"","overlay-gradient":""},"tablet":{"background-color":"","background-image":"","background-repeat":"repeat","background-position":"center center","background-size":"auto","background-attachment":"scroll","background-type":"","background-media":"","overlay-type":"","overlay-color":"","overlay-opacity":"","overlay-gradient":""},"mobile":{"background-color":"","background-image":"","background-repeat":"repeat","background-position":"center center","background-size":"auto","background-attachment":"scroll","background-type":"","background-media":"","overlay-type":"","overlay-color":"","overlay-opacity":"","overlay-gradient":""}},"ast-content-background-meta":{"desktop":{"background-color":"var(--ast-global-color-5)","background-image":"","background-repeat":"repeat","background-position":"center center","background-size":"auto","background-attachment":"scroll","background-type":"","background-media":"","overlay-type":"","overlay-color":"","overlay-opacity":"","overlay-gradient":""},"tablet":{"background-color":"var(--ast-global-color-5)","background-image":"","background-repeat":"repeat","background-position":"center center","background-size":"auto","background-attachment":"scroll","background-type":"","background-media":"","overlay-type":"","overlay-color":"","overlay-opacity":"","overlay-gradient":""},"mobile":{"background-color":"var(--ast-global-color-5)","background-image":"","background-repeat":"repeat","background-position":"center center","background-size":"auto","background-attachment":"scroll","background-type":"","background-media":"","overlay-type":"","overlay-color":"","overlay-opacity":"","overlay-gradient":""}}},"product_brand":[],"product_cat":[45],"product_tag":[],"class_list":{"0":"post-181","1":"product","2":"type-product","3":"status-publish","4":"has-post-thumbnail","6":"product_cat-doe-agora","7":"desktop-align-left","8":"tablet-align-left","9":"mobile-align-left","11":"first","12":"instock","13":"downloadable","14":"virtual","15":"product-type-simple"},"_links":{"self":[{"href":"https:\/\/ofaixapreta.com.br\/index.php\/wp-json\/wp\/v2\/product\/181","targetHints":{"allow":["GET"]}}],"collection":[{"href":"https:\/\/ofaixapreta.com.br\/index.php\/wp-json\/wp\/v2\/product"}],"about":[{"href":"https:\/\/ofaixapreta.com.br\/index.php\/wp-json\/wp\/v2\/types\/product"}],"replies":[{"embeddable":true,"href":"https:\/\/ofaixapreta.com.br\/index.php\/wp-json\/wp\/v2\/comments?post=181"}],"version-history":[{"count":0,"href":"https:\/\/ofaixapreta.com.br\/index.php\/wp-json\/wp\/v2\/product\/181\/revisions"}],"wp:featuredmedia":[{"embeddable":true,"href":"https:\/\/ofaixapreta.com.br\/index.php\/wp-json\/wp\/v2\/media\/186"}],"wp:attachment":[{"href":"https:\/\/ofaixapreta.com.br\/index.php\/wp-json\/wp\/v2\/media?parent=181"}],"wp:term":[{"taxonomy":"product_brand","embeddable":true,"href":"https:\/\/ofaixapreta.com.br\/index.php\/wp-json\/wp\/v2\/product_brand?post=181"},{"taxonomy":"product_cat","embeddable":true,"href":"https:\/\/ofaixapreta.com.br\/index.php\/wp-json\/wp\/v2\/product_cat?post=181"},{"taxonomy":"product_tag","embeddable":true,"href":"https:\/\/ofaixapreta.com.br\/index.php\/wp-json\/wp\/v2\/product_tag?post=181"}],"curies":[{"name":"wp","href":"https:\/\/api.w.org\/{rel}","templated":true}]}}